{"id":38,"date":"2022-11-01T23:24:33","date_gmt":"2022-11-01T22:24:33","guid":{"rendered":"https:\/\/wirinsulaner.de\/wp-test\/?page_id=38"},"modified":"2026-04-02T11:36:02","modified_gmt":"2026-04-02T09:36:02","slug":"foehr-kulinarisch","status":"publish","type":"page","link":"https:\/\/wirinsulaner.de\/?page_id=38","title":{"rendered":"F\u00f6hr kulinarisch"},"content":{"rendered":"<p>[et_pb_section fb_built=&#8220;1&#8243; _builder_version=&#8220;4.19.0&#8243; _module_preset=&#8220;default&#8220; min_height=&#8220;699.7px&#8220; custom_padding=&#8220;50px|||||&#8220; global_colors_info=&#8220;{}&#8220;][et_pb_row column_structure=&#8220;1_3,1_3,1_3&#8243; _builder_version=&#8220;4.19.0&#8243; _module_preset=&#8220;default&#8220; global_colors_info=&#8220;{}&#8220;][et_pb_column type=&#8220;1_3&#8243; _builder_version=&#8220;4.19.0&#8243; _module_preset=&#8220;default&#8220; global_colors_info=&#8220;{}&#8220;][et_pb_image src=&#8220;https:\/\/wirinsulaner.de\/wp-content\/uploads\/2026\/04\/Foehr-kulinarisch-2026-Titel.png&#8220; title_text=&#8220;F\u00f6hr kulinarisch 2026-Titel&#8220; url=&#8220;https:\/\/wirinsulaner.de\/wp-content\/uploads\/2026\/04\/FK_2026.pdf&#8220; url_new_window=&#8220;on&#8220; align=&#8220;center&#8220; force_fullwidth=&#8220;off&#8220; _builder_version=&#8220;4.27.6&#8243; _module_preset=&#8220;default&#8220; min_height=&#8220;73px&#8220; custom_padding=&#8220;||0px|||&#8220; global_colors_info=&#8220;{}&#8220;][\/et_pb_image][et_pb_text _builder_version=&#8220;4.19.0&#8243; _module_preset=&#8220;default&#8220; global_colors_info=&#8220;{}&#8220;]<\/p>\n<p style=\"text-align: center;\"><strong>Hier k\u00f6nnen Sie die aktuelle Ausgabe<\/strong><br \/><strong>im PDF-Format herunterladen!<\/strong><\/p>\n<p>[\/et_pb_text][\/et_pb_column][et_pb_column type=&#8220;1_3&#8243; _builder_version=&#8220;4.19.0&#8243; _module_preset=&#8220;default&#8220; global_colors_info=&#8220;{}&#8220;][et_pb_text _builder_version=&#8220;4.27.6&#8243; _module_preset=&#8220;default&#8220; hover_enabled=&#8220;0&#8243; global_colors_info=&#8220;{}&#8220; sticky_enabled=&#8220;0&#8243;]<\/p>\n<h1>F\u00f6hr kulinarisch 2026<\/h1>\n<p><strong>Moin liebe Ferieng\u00e4ste,<\/strong><\/p>\n<p>willkommen auf der Nordseeinsel F\u00f6hr mitten im Nationalpark Wattenmeer, dem Weltnaturerbe der UNESCO. Auch in diesem Jahr wollen wir Sie kulinarisch \u00fcber die Insel f\u00fchren und Ihnen Ihren Urlaub schmackhaft machen \u2013 nat\u00fcrlich ohne Anspruch auf Vollst\u00e4ndigkeit.<\/p>\n<p>F\u00f6hr hat in Hinsicht auf die gastronomische Vielfalt viel zu bieten: Ob hier ein leckeres Fischbr\u00f6tchen und ein k\u00fchles Bier an lauschigem Pl\u00e4tzchen und dort ein erlesenes Men\u00fc in stilvollem Ambiente, die Bandbreite ist gro\u00df. Die frischen Produkte der Saison, die aus der Region und vielfach von der Insel kommen, spielen dabei eine gro\u00dfe Rolle. Nicht zu vergessen die zahlreichen echt heimischen Spezialit\u00e4ten wie die Friesentorte, die man in einem der zahlreichen gem\u00fctlichen F\u00f6hrer Caf\u00e9s genie\u00dfen kann. Und darauf einen Manhattan. Aber Vorsicht, denn dieses \u00bbNationalgetr\u00e4nk der F\u00f6hrer\u00ab hat es in sich.<\/p>\n<p>Ich w\u00fcnsche Ihnen einen genussvollen Aufenthalt,<\/p>\n<p><em>Wilhelm Brinkmeier<\/em><br \/><em>Herausgeber<br \/><\/em><\/p>\n<p><em><\/em><\/p>\n<p><em><\/em><\/p>\n<p>[\/et_pb_text][\/et_pb_column][et_pb_column type=&#8220;1_3&#8243; _builder_version=&#8220;4.19.0&#8243; _module_preset=&#8220;default&#8220; global_colors_info=&#8220;{}&#8220;][et_pb_sidebar orientation=&#8220;right&#8220; _builder_version=&#8220;4.19.0&#8243; _module_preset=&#8220;default&#8220; body_text_align=&#8220;center&#8220; global_colors_info=&#8220;{}&#8220;][\/et_pb_sidebar][\/et_pb_column][\/et_pb_row][\/et_pb_section]<\/p>\n","protected":false},"excerpt":{"rendered":"<p>Hier k\u00f6nnen Sie die aktuelle Ausgabeim PDF-Format herunterladen!F\u00f6hr kulinarisch 2026 Moin liebe Ferieng\u00e4ste, willkommen auf der Nordseeinsel F\u00f6hr mitten im Nationalpark Wattenmeer, dem Weltnaturerbe der UNESCO. Auch in diesem Jahr wollen wir Sie kulinarisch \u00fcber die Insel f\u00fchren und Ihnen Ihren Urlaub schmackhaft machen \u2013 nat\u00fcrlich ohne Anspruch auf Vollst\u00e4ndigkeit. F\u00f6hr hat in Hinsicht auf [&hellip;]<\/p>\n","protected":false},"author":1,"featured_media":0,"parent":0,"menu_order":0,"comment_status":"closed","ping_status":"closed","template":"","meta":{"_et_pb_use_builder":"on","_et_pb_old_content":"","_et_gb_content_width":"","footnotes":""},"class_list":["post-38","page","type-page","status-publish","hentry"],"_links":{"self":[{"href":"https:\/\/wirinsulaner.de\/index.php?rest_route=\/wp\/v2\/pages\/38","targetHints":{"allow":["GET"]}}],"collection":[{"href":"https:\/\/wirinsulaner.de\/index.php?rest_route=\/wp\/v2\/pages"}],"about":[{"href":"https:\/\/wirinsulaner.de\/index.php?rest_route=\/wp\/v2\/types\/page"}],"author":[{"embeddable":true,"href":"https:\/\/wirinsulaner.de\/index.php?rest_route=\/wp\/v2\/users\/1"}],"replies":[{"embeddable":true,"href":"https:\/\/wirinsulaner.de\/index.php?rest_route=%2Fwp%2Fv2%2Fcomments&post=38"}],"version-history":[{"count":11,"href":"https:\/\/wirinsulaner.de\/index.php?rest_route=\/wp\/v2\/pages\/38\/revisions"}],"predecessor-version":[{"id":6524,"href":"https:\/\/wirinsulaner.de\/index.php?rest_route=\/wp\/v2\/pages\/38\/revisions\/6524"}],"wp:attachment":[{"href":"https:\/\/wirinsulaner.de\/index.php?rest_route=%2Fwp%2Fv2%2Fmedia&parent=38"}],"curies":[{"name":"wp","href":"https:\/\/api.w.org\/{rel}","templated":true}]}}